{"id":20,"date":"2023-03-12T20:01:54","date_gmt":"2023-03-12T19:01:54","guid":{"rendered":"https:\/\/www.trennung-scheidung-aachen.de\/?page_id=20"},"modified":"2023-03-19T02:09:27","modified_gmt":"2023-03-19T01:09:27","slug":"hilfen","status":"publish","type":"page","link":"https:\/\/www.trennung-scheidung-aachen.de\/?page_id=20","title":{"rendered":"Hilfen"},"content":{"rendered":"<p>Der Arbeitskreis Trennung &#8211; Scheidung hat einen Beratungsf\u00fchrer herausgegeben. Hier finden Sie die unterschiedlichsten Beratungs- und Hilfsangebote im Stadt- und Kreisgebiet Aachen.<\/p>\n<p>Der Beratungsf\u00fchrer kann hier als <a href=\"https:\/\/www.trennung-scheidung-aachen.de\/wp-content\/uploads\/2023\/03\/Beratungsfuehrer_Trennung_Scheidung.pdf\" target=\"_blank\" rel=\"noopener\">PDF-Datei<\/a> geladen werden, liegt allerdings auch bei den jeweiligen Beratungsstellen aus oder kann beim Gleichstellungsb\u00fcro der Stadt Aachen angefordert werden &#8211; Anforderungsformular.<\/p>\n<p>Der Arbeitskreis hat eine Brosch\u00fcre &#8222;Kinderb\u00fccher zum Thema Trennung und Scheidung&#8220; herausgebracht. Die Brosch\u00fcre stellt einige Kinderb\u00fccher vor, die sich mit Trennung und Scheidung befassen. Die B\u00fccher sollen helfen, das Thema mit Kindern altersgerecht zu behandeln und zu besprechen. Als Vorlage k\u00f6nnen die B\u00fccher Kindern die M\u00f6glichkeit geben, sich mit der Situation in ihrer Familie und den damit verbundenen Gef\u00fchlen auseinanderzusetzen. Zudem unterst\u00fctzt ein solches Buch die Eltern dabei, mit ihren Kindern \u00fcber eine anstehende Trennung zu sprechen.<\/p>\n<p>Die Brosch\u00fcre kann hier als <a href=\"https:\/\/www.trennung-scheidung-aachen.de\/wp-content\/uploads\/2023\/03\/Broschuere_Kinderbuecher_TrennungScheidung.pdf\" target=\"_blank\" rel=\"noopener\">PDF-Datei<\/a> geladen werden oder kann beim Gleichstellungsb\u00fcro der Stadt Aachen angefordert werden unter: Tel.: 0241 &#8211; 432 &#8211; 7307 oder per Mail:\u00a0<a href=\"mailto:gleichstellungsbuero@mail.aachen.de\">gleichstellungsbuero@mail.aachen.de<\/a><\/p>\n","protected":false},"excerpt":{"rendered":"<p>Der Arbeitskreis Trennung &#8211; Scheidung hat einen Beratungsf\u00fchrer herausgegeben. Hier finden Sie die unterschiedlichsten Beratungs- und Hilfsangebote im Stadt- und Kreisgebiet Aachen. Der Beratungsf\u00fchrer kann hier als PDF-Datei geladen werden, liegt allerdings auch bei den jeweiligen Beratungsstellen aus oder kann beim Gleichstellungsb\u00fcro der Stadt Aachen angefordert werden &#8211; Anforderungsformular. Der Arbeitskreis hat eine Brosch\u00fcre &#8222;Kinderb\u00fccher [&hellip;]<\/p>\n","protected":false},"author":1,"featured_media":0,"parent":0,"menu_order":0,"comment_status":"closed","ping_status":"closed","template":"","meta":{"ocean_post_layout":"full-width","ocean_both_sidebars_style":"","ocean_both_sidebars_content_width":0,"ocean_both_sidebars_sidebars_width":0,"ocean_sidebar":"0","ocean_second_sidebar":"0","ocean_disable_margins":"on","ocean_add_body_class":"","ocean_shortcode_before_top_bar":"","ocean_shortcode_after_top_bar":"","ocean_shortcode_before_header":"","ocean_shortcode_after_header":"","ocean_has_shortcode":"","ocean_shortcode_after_title":"","ocean_shortcode_before_footer_widgets":"","ocean_shortcode_after_footer_widgets":"","ocean_shortcode_before_footer_bottom":"","ocean_shortcode_after_footer_bottom":"","ocean_display_top_bar":"default","ocean_display_header":"default","ocean_header_style":"","ocean_center_header_left_menu":"0","ocean_custom_header_template":"0","ocean_custom_logo":0,"ocean_custom_retina_logo":0,"ocean_custom_logo_max_width":0,"ocean_custom_logo_tablet_max_width":0,"ocean_custom_logo_mobile_max_width":0,"ocean_custom_logo_max_height":0,"ocean_custom_logo_tablet_max_height":0,"ocean_custom_logo_mobile_max_height":0,"ocean_header_custom_menu":"0","ocean_menu_typo_font_family":"0","ocean_menu_typo_font_subset":"","ocean_menu_typo_font_size":0,"ocean_menu_typo_font_size_tablet":0,"ocean_menu_typo_font_size_mobile":0,"ocean_menu_typo_font_size_unit":"px","ocean_menu_typo_font_weight":"","ocean_menu_typo_font_weight_tablet":"","ocean_menu_typo_font_weight_mobile":"","ocean_menu_typo_transform":"","ocean_menu_typo_transform_tablet":"","ocean_menu_typo_transform_mobile":"","ocean_menu_typo_line_height":0,"ocean_menu_typo_line_height_tablet":0,"ocean_menu_typo_line_height_mobile":0,"ocean_menu_typo_line_height_unit":"","ocean_menu_typo_spacing":0,"ocean_menu_typo_spacing_tablet":0,"ocean_menu_typo_spacing_mobile":0,"ocean_menu_typo_spacing_unit":"","ocean_menu_link_color":"","ocean_menu_link_color_hover":"","ocean_menu_link_color_active":"","ocean_menu_link_background":"","ocean_menu_link_hover_background":"","ocean_menu_link_active_background":"","ocean_menu_social_links_bg":"","ocean_menu_social_hover_links_bg":"","ocean_menu_social_links_color":"","ocean_menu_social_hover_links_color":"","ocean_disable_title":"enable","ocean_disable_heading":"on","ocean_post_title":"","ocean_post_subheading":"","ocean_post_title_style":"centered","ocean_post_title_background_color":"","ocean_post_title_background":0,"ocean_post_title_bg_image_position":"","ocean_post_title_bg_image_attachment":"","ocean_post_title_bg_image_repeat":"","ocean_post_title_bg_image_size":"","ocean_post_title_height":0,"ocean_post_title_bg_overlay":0.5,"ocean_post_title_bg_overlay_color":"","ocean_disable_breadcrumbs":"default","ocean_breadcrumbs_color":"","ocean_breadcrumbs_separator_color":"","ocean_breadcrumbs_links_color":"","ocean_breadcrumbs_links_hover_color":"","ocean_display_footer_widgets":"off","ocean_display_footer_bottom":"off","ocean_custom_footer_template":"0","footnotes":""},"class_list":["post-20","page","type-page","status-publish","hentry","entry"],"_links":{"self":[{"href":"https:\/\/www.trennung-scheidung-aachen.de\/index.php?rest_route=\/wp\/v2\/pages\/20","targetHints":{"allow":["GET"]}}],"collection":[{"href":"https:\/\/www.trennung-scheidung-aachen.de\/index.php?rest_route=\/wp\/v2\/pages"}],"about":[{"href":"https:\/\/www.trennung-scheidung-aachen.de\/index.php?rest_route=\/wp\/v2\/types\/page"}],"author":[{"embeddable":true,"href":"https:\/\/www.trennung-scheidung-aachen.de\/index.php?rest_route=\/wp\/v2\/users\/1"}],"replies":[{"embeddable":true,"href":"https:\/\/www.trennung-scheidung-aachen.de\/index.php?rest_route=%2Fwp%2Fv2%2Fcomments&post=20"}],"version-history":[{"count":29,"href":"https:\/\/www.trennung-scheidung-aachen.de\/index.php?rest_route=\/wp\/v2\/pages\/20\/revisions"}],"predecessor-version":[{"id":301,"href":"https:\/\/www.trennung-scheidung-aachen.de\/index.php?rest_route=\/wp\/v2\/pages\/20\/revisions\/301"}],"wp:attachment":[{"href":"https:\/\/www.trennung-scheidung-aachen.de\/index.php?rest_route=%2Fwp%2Fv2%2Fmedia&parent=20"}],"curies":[{"name":"wp","href":"https:\/\/api.w.org\/{rel}","templated":true}]}}